{"id":65,"date":"2016-10-20T12:30:21","date_gmt":"2016-10-20T12:30:21","guid":{"rendered":"https:\/\/help.telekom-cloudcenter.de\/?page_id=65"},"modified":"2017-11-29T09:26:04","modified_gmt":"2017-11-29T09:26:04","slug":"neue-domain-anlegen","status":"publish","type":"page","link":"https:\/\/help.telekom-cloudcenter.de\/index.php\/domainverwaltung\/neue-domain-anlegen\/","title":{"rendered":"Creating a new domain"},"content":{"rendered":"<p>To create a new domain, click on the \u201cCreate domain\u201d button in the domain overview.<\/p>\n<p>In the following dialog, you can create a new domain and specify its properties. Please enter the domain name without the \u201chttp:\/\/www.\u201d prefix. Besides the so-called 2nd-level domains (e.g. \u201cDomain.de\u201d), you can also use subdomains in the form \u201cmarketing.companyname.de\u201d. Please note that you cannot use domains with umlauts (\u00c4, \u00e4, \u00f6, etc.) as SMTP domains and thus the SMTP option cannot be used.<\/p>\n<p>In order to be able to use Microsoft\u00ae Exchange services (sending and receiving of emails) with a newly created domain, the domain must be set up as an SMTP domain and then verified by you.\u00a0The verification checks whether you are authorized to administrate the domain. In order to be able to receive emails for one of your domains, you must also modify the MX record in your DNS.<\/p>\n","protected":false},"excerpt":{"rendered":"<p>To create a new domain, click on the \u201cCreate domain\u201d button in the domain overview. In the following dialog, you can create a new domain and specify its properties. Please enter the domain name without the \u201chttp:\/\/www.\u201d prefix. Besides the so-called 2nd-level domains (e.g. \u201cDomain.de\u201d), you can also use subdomains in the form \u201cmarketing.companyname.de\u201d. Please&#8230; <a href=\"https:\/\/help.telekom-cloudcenter.de\/index.php\/domainverwaltung\/neue-domain-anlegen\/\">read more &raquo;<\/a><\/p>\n","protected":false},"author":1,"featured_media":0,"parent":56,"menu_order":0,"comment_status":"closed","ping_status":"closed","template":"","meta":{"footnotes":""},"_links":{"self":[{"href":"https:\/\/help.telekom-cloudcenter.de\/index.php\/wp-json\/wp\/v2\/pages\/65"}],"collection":[{"href":"https:\/\/help.telekom-cloudcenter.de\/index.php\/wp-json\/wp\/v2\/pages"}],"about":[{"href":"https:\/\/help.telekom-cloudcenter.de\/index.php\/wp-json\/wp\/v2\/types\/page"}],"author":[{"embeddable":true,"href":"https:\/\/help.telekom-cloudcenter.de\/index.php\/wp-json\/wp\/v2\/users\/1"}],"replies":[{"embeddable":true,"href":"https:\/\/help.telekom-cloudcenter.de\/index.php\/wp-json\/wp\/v2\/comments?post=65"}],"version-history":[{"count":4,"href":"https:\/\/help.telekom-cloudcenter.de\/index.php\/wp-json\/wp\/v2\/pages\/65\/revisions"}],"predecessor-version":[{"id":1759,"href":"https:\/\/help.telekom-cloudcenter.de\/index.php\/wp-json\/wp\/v2\/pages\/65\/revisions\/1759"}],"up":[{"embeddable":true,"href":"https:\/\/help.telekom-cloudcenter.de\/index.php\/wp-json\/wp\/v2\/pages\/56"}],"wp:attachment":[{"href":"https:\/\/help.telekom-cloudcenter.de\/index.php\/wp-json\/wp\/v2\/media?parent=65"}],"curies":[{"name":"wp","href":"https:\/\/api.w.org\/{rel}","templated":true}]}}